{"id":701,"date":"2012-06-13T15:14:05","date_gmt":"2012-06-13T15:14:05","guid":{"rendered":"https:\/\/www.epidemicrecords.net\/site\/?page_id=701"},"modified":"2020-05-21T11:52:12","modified_gmt":"2020-05-21T09:52:12","slug":"about","status":"publish","type":"page","link":"https:\/\/www.epidemicrecords.net\/v2019\/about\/","title":{"rendered":"About"},"content":{"rendered":"<h1>About<\/h1>\n<div>\n<p lang=\"zxx\">Epidemic Records \u00e8 un&#8217;etichetta discografica indipendente che si estende a livello europeo e oltre, con sede a Brescia (Italia).<br \/>L&#8217;embrione del progetto \u00e8 stato concepito intorno al 2003 &#8211; 2004, ma le prime attivit\u00e0 come piccola etichetta sono iniziate nel 2005. Anni di duro lavoro hanno visto crescere quel piccolo seme in un&#8217;etichetta discografica attiva e appassionata.<br \/>In questi anni, Epidemic Records ha lavorato con band e artisti italiani, europei e nordamericani. Allo stesso modo, in anni di attivit\u00e0 e presenza nel mondo della musica underground sono state stabilite collaborazioni con altre etichette, agenzie di booking, distribuzioni, negozi di dischi, mailorder, management, promoter di eventi, PR e media partner.<\/p>\n<p>Nati e cresciuti nella scena punk e hardcore underground, con un occhio di riguardo per tutta la musica alternativa, siamo cresciuti credendo nel DIY (Do It Yourself, o meglio, Do It Together) come principi fondanti dell&#8217;etica del nostro lavoro.<br \/>Il rispetto, la fiducia e il desiderio di costruire qualcosa insieme sono per noi principi fondamentali. Tutto questo rappresenta ancora il cuore di Epidemic Records dopo tutti questi anni.<br \/>Lo slogan di Epidemic Records \u00e8 piuttosto chiaro: \u201cThis Is More Than Music. This Is What We Believe In.\u201d &#8211; Questo \u00e8 pi\u00f9 che musica. Questo \u00e8 ci\u00f2 in cui crediamo.<\/p>\n<p>Se la nostra visione \u00e8 la vostra visione, contattateci. Insieme, faremo qualcosa di straordinario!<\/p>\n<p>Per eventuali domande, contattare: epidemicrecords(at)hotmail(dot)com<\/p>\n<p><span lang=\"zxx\">Visita anche: <\/span><span style=\"color: #000080;\"><span lang=\"zxx\"><u><a href=\"http:\/\/www.facebook.com\/epidemicrecordshc\">www.facebook.com\/epidemicrecordshc<\/a><\/u><\/span><\/span><span lang=\"zxx\"> \u2013 <\/span><span style=\"color: #000080;\"><span lang=\"zxx\"><u><a href=\"http:\/\/www.instagram.com\/epidemicrecordshc\">www.instagram.com\/epidemicrecordshc<\/a><\/u><\/span><\/span><\/p>\n<p style=\"text-align: justify;\"><span lang=\"zxx\">Tutte le nostre uscite sono disponibili sull&#8217;E-store: <\/span><span style=\"color: #000080;\"><span lang=\"zxx\"><u><a href=\"https:\/\/www.epidemicrecords.net\/store\">www.epidemicrecords.net\/store<\/a><\/u><\/span><\/span><\/p>\n<\/div>\n<p><!-- {\"type\":\"layout\",\"children\":[{\"type\":\"section\",\"props\":{\"style\":\"default\",\"width\":\"default\",\"vertical_align\":\"middle\",\"title_position\":\"top-left\",\"title_rotation\":\"left\",\"title_breakpoint\":\"xl\",\"image_position\":\"center-center\",\"text_color\":\"\",\"width_expand\":\"\",\"height\":\"\",\"padding\":\"\",\"header_transparent\":\"\",\"animation\":\"\"},\"children\":[{\"type\":\"row\",\"props\":{\"layout\":\"1-1\",\"breakpoint\":\"m\",\"fixed_width\":\"large\",\"gutter\":\"\",\"width\":\"\",\"width_expand\":\"\",\"height\":\"\",\"margin\":\"\"},\"children\":[{\"type\":\"column\",\"props\":{\"widths\":[\"1-1\"],\"image_position\":\"center-center\",\"media_overlay_gradient\":\"\",\"vertical_align\":\"\",\"style\":\"\",\"text_color\":\"\",\"padding\":\"\"},\"children\":[{\"type\":\"headline\",\"props\":{\"title_element\":\"h1\",\"title_style\":\"heading-small\",\"title_decoration\":\"\",\"title_color\":\"success\",\"text_align\":\"\",\"text_align_breakpoint\":\"\",\"text_align_fallback\":\"\",\"maxwidth\":\"\",\"maxwidth_breakpoint\":\"\",\"margin\":\"\",\"animation\":\"\",\"visibility\":\"\",\"content\":\"About\",\"block_align\":\"\"}},{\"type\":\"text\",\"props\":{\"margin\":\"default\",\"column_breakpoint\":\"m\",\"text_style\":\"\",\"text_color\":\"\",\"text_size\":\"\",\"column\":\"\",\"text_align\":\"\",\"text_align_breakpoint\":\"\",\"text_align_fallback\":\"\",\"maxwidth\":\"\",\"maxwidth_breakpoint\":\"\",\"animation\":\"\",\"visibility\":\"\",\"content\":\"\n\n<p lang=\\\"zxx\\\">Epidemic Records \\u00e8 un'etichetta discografica indipendente che si estende a livello europeo e oltre, con sede a Brescia (Italia).<br \\\/>L'embrione del progetto \\u00e8 stato concepito intorno al 2003 - 2004, ma le prime attivit\\u00e0 come piccola etichetta sono iniziate nel 2005. Anni di duro lavoro hanno visto crescere quel piccolo seme in un'etichetta discografica attiva e appassionata.<br \\\/>In questi anni, Epidemic Records ha lavorato con band e artisti italiani, europei e nordamericani. Allo stesso modo, in anni di attivit\\u00e0 e presenza nel mondo della musica underground sono state stabilite collaborazioni con altre etichette, agenzie di booking, distribuzioni, negozi di dischi, mailorder, management, promoter di eventi, PR e media partner.<br \\\/><br \\\/>Nati e cresciuti nella scena punk e hardcore underground, con un occhio di riguardo per tutta la musica alternativa, siamo cresciuti credendo nel DIY (Do It Yourself, o meglio, Do It Together) come principi fondanti dell'etica del nostro lavoro.<br \\\/>Il rispetto, la fiducia e il desiderio di costruire qualcosa insieme sono per noi principi fondamentali. Tutto questo rappresenta ancora il cuore di Epidemic Records dopo tutti questi anni.<br \\\/>Lo slogan di Epidemic Records \\u00e8 piuttosto chiaro: \\u201cThis Is More Than Music. This Is What We Believe In.\\u201d - Questo \\u00e8 pi\\u00f9 che musica. Questo \\u00e8 ci\\u00f2 in cui crediamo.<br \\\/><br \\\/>Se la nostra visione \\u00e8 la vostra visione, contattateci. Insieme, faremo qualcosa di straordinario!<br \\\/><br \\\/>Per eventuali domande, contattare: epidemicrecords(at)hotmail(dot)com<\\\/p>\\n\n\n<p><span lang=\\\"zxx\\\">Visita anche: <\\\/span><span style=\\\"color: #000080;\\\"><span lang=\\\"zxx\\\"><u><a href=\\\"http:\\\/\\\/www.facebook.com\\\/epidemicrecordshc\\\">www.facebook.com\\\/epidemicrecordshc<\\\/a><\\\/u><\\\/span><\\\/span><span lang=\\\"zxx\\\"> \\u2013 <\\\/span><span style=\\\"color: #000080;\\\"><span lang=\\\"zxx\\\"><u><a href=\\\"http:\\\/\\\/www.instagram.com\\\/epidemicrecordshc\\\">www.instagram.com\\\/epidemicrecordshc<\\\/a><\\\/u><\\\/span><\\\/span><\\\/p>\\n\n\n<p style=\\\"text-align: justify;\\\"><span lang=\\\"zxx\\\">Tutte le nostre uscite sono disponibili sull'E-store: <\\\/span><span style=\\\"color: #000080;\\\"><span lang=\\\"zxx\\\"><u><a href=\\\"https:\\\/\\\/www.epidemicrecords.net\\\/store\\\">www.epidemicrecords.net\\\/store<\\\/a><\\\/u><\\\/span><\\\/span><\\\/p>\",\"block_align\":\"\",\"position\":\"\",\"position_z_index\":\"\",\"block_align_breakpoint\":\"\",\"block_align_fallback\":\"\"}}]}]}]}],\"version\":\"1.21.10\",\"props\":[]} --><\/p>\n","protected":false},"excerpt":{"rendered":"<p>About Epidemic Records \u00e8 un&#8217;etichetta discografica indipendente che si estende a livello europeo e oltre, con sede a Brescia (Italia).L&#8217;embrione del progetto \u00e8 stato concepito intorno al 2003 &#8211; 2004, ma le prime attivit\u00e0 come piccola etichetta sono iniziate nel 2005. Anni di duro lavoro hanno visto crescere quel piccolo seme in un&#8217;etichetta discografica attiva [&hellip;]<\/p>\n","protected":false},"author":2,"featured_media":0,"parent":0,"menu_order":5,"comment_status":"closed","ping_status":"open","template":"page-PageTemplate2.php","meta":{"footnotes":""},"class_list":["post-701","page","type-page","status-publish","hentry"],"yoast_head":"<!-- This site is optimized with the Yoast SEO plugin v25.0 - https:\/\/yoast.com\/wordpress\/plugins\/seo\/ -->\n<title>About - Epidemic Records<\/title>\n<meta name=\"robots\" content=\"index, follow, max-snippet:-1, max-image-preview:large, max-video-preview:-1\" \/>\n<link rel=\"canonical\" href=\"https:\/\/www.epidemicrecords.net\/v2019\/about\/\" \/>\n<meta property=\"og:locale\" content=\"it_IT\" \/>\n<meta property=\"og:type\" content=\"article\" \/>\n<meta property=\"og:title\" content=\"About - Epidemic Records\" \/>\n<meta property=\"og:description\" content=\"About Epidemic Records \u00e8 un&#8217;etichetta discografica indipendente che si estende a livello europeo e oltre, con sede a Brescia (Italia).L&#8217;embrione del progetto \u00e8 stato concepito intorno al 2003 &#8211; 2004, ma le prime attivit\u00e0 come piccola etichetta sono iniziate nel 2005. Anni di duro lavoro hanno visto crescere quel piccolo seme in un&#8217;etichetta discografica attiva [&hellip;]\" \/>\n<meta property=\"og:url\" content=\"https:\/\/www.epidemicrecords.net\/v2019\/about\/\" \/>\n<meta property=\"og:site_name\" content=\"Epidemic Records\" \/>\n<meta property=\"article:publisher\" content=\"http:\/\/www.facebook.com\/epidemicrecordshc\" \/>\n<meta property=\"article:modified_time\" content=\"2020-05-21T09:52:12+00:00\" \/>\n<meta name=\"twitter:card\" content=\"summary_large_image\" \/>\n<meta name=\"twitter:site\" content=\"@epidemicrecs\" \/>\n<meta name=\"twitter:label1\" content=\"Tempo di lettura stimato\" \/>\n\t<meta name=\"twitter:data1\" content=\"1 minuto\" \/>\n<script type=\"application\/ld+json\" class=\"yoast-schema-graph\">{\"@context\":\"https:\/\/schema.org\",\"@graph\":[{\"@type\":\"WebPage\",\"@id\":\"https:\/\/www.epidemicrecords.net\/v2019\/about\/\",\"url\":\"https:\/\/www.epidemicrecords.net\/v2019\/about\/\",\"name\":\"About - Epidemic Records\",\"isPartOf\":{\"@id\":\"https:\/\/www.epidemicrecords.net\/v2019\/#website\"},\"datePublished\":\"2012-06-13T15:14:05+00:00\",\"dateModified\":\"2020-05-21T09:52:12+00:00\",\"breadcrumb\":{\"@id\":\"https:\/\/www.epidemicrecords.net\/v2019\/about\/#breadcrumb\"},\"inLanguage\":\"it-IT\",\"potentialAction\":[{\"@type\":\"ReadAction\",\"target\":[\"https:\/\/www.epidemicrecords.net\/v2019\/about\/\"]}]},{\"@type\":\"BreadcrumbList\",\"@id\":\"https:\/\/www.epidemicrecords.net\/v2019\/about\/#breadcrumb\",\"itemListElement\":[{\"@type\":\"ListItem\",\"position\":1,\"name\":\"Home\",\"item\":\"https:\/\/www.epidemicrecords.net\/v2019\/en\/home-2\/\"},{\"@type\":\"ListItem\",\"position\":2,\"name\":\"About\"}]},{\"@type\":\"WebSite\",\"@id\":\"https:\/\/www.epidemicrecords.net\/v2019\/#website\",\"url\":\"https:\/\/www.epidemicrecords.net\/v2019\/\",\"name\":\"Epidemic Records\",\"description\":\"This Is More Than Music. This Is What We Believe In.\",\"publisher\":{\"@id\":\"https:\/\/www.epidemicrecords.net\/v2019\/#organization\"},\"potentialAction\":[{\"@type\":\"SearchAction\",\"target\":{\"@type\":\"EntryPoint\",\"urlTemplate\":\"https:\/\/www.epidemicrecords.net\/v2019\/?s={search_term_string}\"},\"query-input\":{\"@type\":\"PropertyValueSpecification\",\"valueRequired\":true,\"valueName\":\"search_term_string\"}}],\"inLanguage\":\"it-IT\"},{\"@type\":\"Organization\",\"@id\":\"https:\/\/www.epidemicrecords.net\/v2019\/#organization\",\"name\":\"Epidemic Records\",\"url\":\"https:\/\/www.epidemicrecords.net\/v2019\/\",\"logo\":{\"@type\":\"ImageObject\",\"inLanguage\":\"it-IT\",\"@id\":\"https:\/\/www.epidemicrecords.net\/v2019\/#\/schema\/logo\/image\/\",\"url\":\"https:\/\/www.epidemicrecords.net\/v2019\/wp-content\/uploads\/2019\/05\/logo-wp.png\",\"contentUrl\":\"https:\/\/www.epidemicrecords.net\/v2019\/wp-content\/uploads\/2019\/05\/logo-wp.png\",\"width\":200,\"height\":196,\"caption\":\"Epidemic Records\"},\"image\":{\"@id\":\"https:\/\/www.epidemicrecords.net\/v2019\/#\/schema\/logo\/image\/\"},\"sameAs\":[\"http:\/\/www.facebook.com\/epidemicrecordshc\",\"https:\/\/x.com\/epidemicrecs\",\"http:\/\/www.instagram.com\/epidemicrecordshc\"]}]}<\/script>\n<!-- \/ Yoast SEO plugin. -->","yoast_head_json":{"title":"About - Epidemic Records","robots":{"index":"index","follow":"follow","max-snippet":"max-snippet:-1","max-image-preview":"max-image-preview:large","max-video-preview":"max-video-preview:-1"},"canonical":"https:\/\/www.epidemicrecords.net\/v2019\/about\/","og_locale":"it_IT","og_type":"article","og_title":"About - Epidemic Records","og_description":"About Epidemic Records \u00e8 un&#8217;etichetta discografica indipendente che si estende a livello europeo e oltre, con sede a Brescia (Italia).L&#8217;embrione del progetto \u00e8 stato concepito intorno al 2003 &#8211; 2004, ma le prime attivit\u00e0 come piccola etichetta sono iniziate nel 2005. Anni di duro lavoro hanno visto crescere quel piccolo seme in un&#8217;etichetta discografica attiva [&hellip;]","og_url":"https:\/\/www.epidemicrecords.net\/v2019\/about\/","og_site_name":"Epidemic Records","article_publisher":"http:\/\/www.facebook.com\/epidemicrecordshc","article_modified_time":"2020-05-21T09:52:12+00:00","twitter_card":"summary_large_image","twitter_site":"@epidemicrecs","twitter_misc":{"Tempo di lettura stimato":"1 minuto"},"schema":{"@context":"https:\/\/schema.org","@graph":[{"@type":"WebPage","@id":"https:\/\/www.epidemicrecords.net\/v2019\/about\/","url":"https:\/\/www.epidemicrecords.net\/v2019\/about\/","name":"About - Epidemic Records","isPartOf":{"@id":"https:\/\/www.epidemicrecords.net\/v2019\/#website"},"datePublished":"2012-06-13T15:14:05+00:00","dateModified":"2020-05-21T09:52:12+00:00","breadcrumb":{"@id":"https:\/\/www.epidemicrecords.net\/v2019\/about\/#breadcrumb"},"inLanguage":"it-IT","potentialAction":[{"@type":"ReadAction","target":["https:\/\/www.epidemicrecords.net\/v2019\/about\/"]}]},{"@type":"BreadcrumbList","@id":"https:\/\/www.epidemicrecords.net\/v2019\/about\/#breadcrumb","itemListElement":[{"@type":"ListItem","position":1,"name":"Home","item":"https:\/\/www.epidemicrecords.net\/v2019\/en\/home-2\/"},{"@type":"ListItem","position":2,"name":"About"}]},{"@type":"WebSite","@id":"https:\/\/www.epidemicrecords.net\/v2019\/#website","url":"https:\/\/www.epidemicrecords.net\/v2019\/","name":"Epidemic Records","description":"This Is More Than Music. This Is What We Believe In.","publisher":{"@id":"https:\/\/www.epidemicrecords.net\/v2019\/#organization"},"potentialAction":[{"@type":"SearchAction","target":{"@type":"EntryPoint","urlTemplate":"https:\/\/www.epidemicrecords.net\/v2019\/?s={search_term_string}"},"query-input":{"@type":"PropertyValueSpecification","valueRequired":true,"valueName":"search_term_string"}}],"inLanguage":"it-IT"},{"@type":"Organization","@id":"https:\/\/www.epidemicrecords.net\/v2019\/#organization","name":"Epidemic Records","url":"https:\/\/www.epidemicrecords.net\/v2019\/","logo":{"@type":"ImageObject","inLanguage":"it-IT","@id":"https:\/\/www.epidemicrecords.net\/v2019\/#\/schema\/logo\/image\/","url":"https:\/\/www.epidemicrecords.net\/v2019\/wp-content\/uploads\/2019\/05\/logo-wp.png","contentUrl":"https:\/\/www.epidemicrecords.net\/v2019\/wp-content\/uploads\/2019\/05\/logo-wp.png","width":200,"height":196,"caption":"Epidemic Records"},"image":{"@id":"https:\/\/www.epidemicrecords.net\/v2019\/#\/schema\/logo\/image\/"},"sameAs":["http:\/\/www.facebook.com\/epidemicrecordshc","https:\/\/x.com\/epidemicrecs","http:\/\/www.instagram.com\/epidemicrecordshc"]}]}},"_links":{"self":[{"href":"https:\/\/www.epidemicrecords.net\/v2019\/wp-json\/wp\/v2\/pages\/701","targetHints":{"allow":["GET"]}}],"collection":[{"href":"https:\/\/www.epidemicrecords.net\/v2019\/wp-json\/wp\/v2\/pages"}],"about":[{"href":"https:\/\/www.epidemicrecords.net\/v2019\/wp-json\/wp\/v2\/types\/page"}],"author":[{"embeddable":true,"href":"https:\/\/www.epidemicrecords.net\/v2019\/wp-json\/wp\/v2\/users\/2"}],"replies":[{"embeddable":true,"href":"https:\/\/www.epidemicrecords.net\/v2019\/wp-json\/wp\/v2\/comments?post=701"}],"version-history":[{"count":0,"href":"https:\/\/www.epidemicrecords.net\/v2019\/wp-json\/wp\/v2\/pages\/701\/revisions"}],"wp:attachment":[{"href":"https:\/\/www.epidemicrecords.net\/v2019\/wp-json\/wp\/v2\/media?parent=701"}],"curies":[{"name":"wp","href":"https:\/\/api.w.org\/{rel}","templated":true}]}}